{"id":19258,"date":"2023-12-08T11:35:22","date_gmt":"2023-12-08T10:35:22","guid":{"rendered":"https:\/\/digiinov.ch\/kontaktieren-sie-uns\/"},"modified":"2026-02-19T09:10:02","modified_gmt":"2026-02-19T08:10:02","slug":"kontaktieren-sie-uns","status":"publish","type":"page","link":"https:\/\/digiinov.ch\/de\/kontaktieren-sie-uns\/","title":{"rendered":"Kontaktieren Sie uns"},"content":{"rendered":"\n<header style=\"background-image:url(&apos;https:\/\/digiinov.ch\/wp-content\/uploads\/2025\/02\/digiinov-contact-bandeau2-scaled.jpg&apos;);background-position:50% 26%;background-size:cover;\" class=\"wp-block-group alignfull page-hero--simple page-hero--contact is-layout-constrained wp-block-group-is-layout-constrained has-background\">\n<div class=\"wp-block-group is-layout-flow wp-block-group-is-layout-flow\">\n<h1 class=\"c-heading wp-block-heading\">Kontaktieren Sie uns<\/h1>\n<\/div>\n<\/header>\n\n\n\n<section class=\"wp-block-group is-layout-constrained wp-container-core-group-is-layout-7a8ecd1d wp-block-group-is-layout-constrained\">\n<figure class=\"wp-block-image alignleft size-large c-shape--free top_20 left_-20  \"><img loading=\"lazy\" decoding=\"async\" width=\"185\" height=\"137\" src=\"https:\/\/digiinov.ch\/wp-content\/uploads\/2024\/03\/digiinov-home-graphic-element-03-1.svg\" alt=\"Digiinov Home Graphic Element 03\" class=\"wp-image-241\"\/><\/figure>\n\n\n\n<div class=\"wp-block-group is-layout-constrained wp-container-core-group-is-layout-0eb81c35 wp-block-group-is-layout-constrained\" style=\"padding-top:0px;padding-bottom:30px\">\n<p class=\"has-text-align-center\" style=\"font-size:25px\">Wir freuen uns, Sie bei Ihren Digitalisierungs- und Innovationsprojekten zu unterst\u00fctzen.<\/p>\n<\/div>\n\n\n\n<div class=\"wp-block-group is-layout-constrained wp-block-group-is-layout-constrained\" style=\"padding-bottom:0px\">            <div class=\"wp-block-habefast-advanced-layout\">\r\n                <div class=\"wp-block-habefast-advanced-layout-container is-layout-constrained\" >\r\n                    \n            <div style=\"--_hfal-cs-w-lg:wrap;--_hfal-cs-cw-lg:50%;--_hfal-cs-g-h-lg:var(--wp--preset--spacing--100);--_hfal-cs-g-h-md:var(--wp--preset--spacing--50);--_hfal-cs-g-v-md:0;--_hfal-cs-g-v-lg:var(--wp--preset--spacing--50);--_hfal-cs-w-md:wrap;--_hfal-cs-w-sm:wrap;--_hfal-cs-cw-md:50%;--_hfal-cs-cw-sm:50%;--_hfal-cs-g-h-sm:var(--wp--preset--spacing--50);--_hfal-cs-g-v-sm:0;\" class=\"wp-block-habefast-advanced-layout-cols\">\r\n                <div class=\"wp-block-habefast-advanced-layout-cols-flex\"> \n            <div style=\"--_hfal-c-d-lg:flex;--_hfal-c-w-lg:60%;--_hfal-c-o-lg:0;--_hfal-c-w-sm:100%;--_hfal-c-d-md:flex;--_hfal-c-d-sm:flex;--_hfal-c-w-md:60%;\" class=\"wp-block-habefast-advanced-layout-col\">\r\n                <div class=\"wp-block-habefast-advanced-layout-col-container is-layout-flow\">\r\n                    \n\n<div class=\"wp-block-contact-form-7-contact-form-selector \">\n<div class=\"wpcf7 no-js\" id=\"wpcf7-f19380-o1\" lang=\"de-DE\" dir=\"ltr\" data-wpcf7-id=\"19380\">\n<div class=\"screen-reader-response\"><p role=\"status\" aria-live=\"polite\" aria-atomic=\"true\"><\/p> <ul><\/ul><\/div>\n<form action=\"\/de\/wp-json\/wp\/v2\/pages\/19258#wpcf7-f19380-o1\" method=\"post\" class=\"wpcf7-form init\" aria-label=\"Kontaktformular\" novalidate=\"novalidate\" data-status=\"init\">\n<fieldset class=\"hidden-fields-container\"><input type=\"hidden\" name=\"_wpcf7\" value=\"19380\" \/><input type=\"hidden\" name=\"_wpcf7_version\" value=\"6.1.5\" \/><input type=\"hidden\" name=\"_wpcf7_locale\" value=\"de_DE\" \/><input type=\"hidden\" name=\"_wpcf7_unit_tag\" value=\"wpcf7-f19380-o1\" \/><input type=\"hidden\" name=\"_wpcf7_container_post\" value=\"0\" \/><input type=\"hidden\" name=\"_wpcf7_posted_data_hash\" value=\"\" \/><input type=\"hidden\" name=\"_wpcf7_recaptcha_response\" value=\"\" \/>\n<\/fieldset>\n<div class=\"flex-row flex-col-sm-2\">\n\t<div class=\"col\">\n\t\t<p><label>Name*<\/label><br \/>\n<span class=\"wpcf7-form-control-wrap\" data-name=\"your-name\"><input size=\"40\" maxlength=\"400\" class=\"wpcf7-form-control wpcf7-text wpcf7-validates-as-required\" autocomplete=\"family-name\" aria-required=\"true\" aria-invalid=\"false\" value=\"\" type=\"text\" name=\"your-name\" \/><\/span>\n\t\t<\/p>\n\t<\/div>\n\t<div class=\"col\">\n\t\t<p><label>Vorname*<\/label><br \/>\n<span class=\"wpcf7-form-control-wrap\" data-name=\"your-firstname\"><input size=\"40\" maxlength=\"400\" class=\"wpcf7-form-control wpcf7-text wpcf7-validates-as-required\" autocomplete=\"given-name\" aria-required=\"true\" aria-invalid=\"false\" value=\"\" type=\"text\" name=\"your-firstname\" \/><\/span>\n\t\t<\/p>\n\t<\/div>\n<\/div>\n<div class=\"flex-row flex-col-sm-2\">\n\t<div class=\"col\">\n\t\t<p><label>Email*<\/label><br \/>\n<span class=\"wpcf7-form-control-wrap\" data-name=\"your-email\"><input size=\"40\" maxlength=\"400\" class=\"wpcf7-form-control wpcf7-email wpcf7-validates-as-required wpcf7-text wpcf7-validates-as-email\" autocomplete=\"email\" aria-required=\"true\" aria-invalid=\"false\" value=\"\" type=\"email\" name=\"your-email\" \/><\/span>\n\t\t<\/p>\n\t<\/div>\n\t<div class=\"col\">\n\t\t<p><label>Telefon<\/label><br \/>\n<span class=\"wpcf7-form-control-wrap\" data-name=\"your-tel\"><input size=\"40\" maxlength=\"400\" class=\"wpcf7-form-control wpcf7-tel wpcf7-text wpcf7-validates-as-tel\" autocomplete=\"tel\" aria-invalid=\"false\" value=\"\" type=\"tel\" name=\"your-tel\" \/><\/span>\n\t\t<\/p>\n\t<\/div>\n<\/div>\n<p><label>Wie k\u00f6nnen wir Ihnen helfen ?*<\/label><br \/>\n<span class=\"wpcf7-form-control-wrap\" data-name=\"your-message\"><textarea cols=\"40\" rows=\"10\" maxlength=\"2000\" class=\"wpcf7-form-control wpcf7-textarea\" aria-invalid=\"false\" name=\"your-message\"><\/textarea><\/span>\n<\/p>\n<div class=\"acceptance\">\n\t<p><span class=\"wpcf7-form-control-wrap\" data-name=\"your-acceptance\"><span class=\"wpcf7-form-control wpcf7-acceptance optional\"><span class=\"wpcf7-list-item\"><input type=\"checkbox\" name=\"your-acceptance\" value=\"1\" aria-invalid=\"false\" \/><\/span><\/span><\/span><label>Ich bin damit einverstanden, dass die in diesem Formular eingegebenen Informationen ausschlie\u00dflich im Rahmen meiner Anfrage verwendet werden. Um Ihre Rechte zu kennen und auszu\u00fcben, lesen Sie bitte unsere <u><a title=\"Datenschutzerkl\u00e4rung anzeigen\" href=\"\/de\/datenschutzrichtlinie\/\">Datenschutzerkl\u00e4rung<\/a><\/u>.<\/label>\n\t<\/p>\n<\/div>\n<p><input class=\"wpcf7-form-control wpcf7-submit has-spinner\" type=\"submit\" value=\"Senden\" \/>\n<\/p><div class=\"wpcf7-response-output\" aria-hidden=\"true\"><\/div>\n<\/form>\n<\/div>\n<\/div>\n\n\n\n<figure class=\"wp-block-image alignright size-large c-shape--free right_-20 bottom_0  \"><img loading=\"lazy\" decoding=\"async\" width=\"146\" height=\"126\" src=\"https:\/\/digiinov.ch\/wp-content\/uploads\/2023\/12\/digiinov-home-graphic-element-08.svg\" alt=\"Digiinov Home Graphic Element 08\" class=\"wp-image-169\"\/><\/figure>\n\n                <\/div>\r\n            <\/div>\r\n            \n\n            <div style=\"--_hfal-c-d-lg:flex;--_hfal-c-w-lg:40%;--_hfal-c-o-lg:0;--_hfal-c-w-sm:100%;--_hfal-c-d-md:flex;--_hfal-c-d-sm:flex;--_hfal-c-w-md:40%;\" class=\"wp-block-habefast-advanced-layout-col\">\r\n                <div class=\"wp-block-habefast-advanced-layout-col-container is-layout-flow\">\r\n                    \n\n<iframe src=\"https:\/\/www.google.com\/maps\/embed?pb=!1m14!1m8!1m3!1d10931.897714099103!2d6.6461453!3d46.7654005!3m2!1i1024!2i768!4f13.1!3m3!1m2!1s0x478dcf48e4b8f757%3A0x68f6fdad8fb6d03b!2sDigiinov%20SA!5e0!3m2!1sen!2sfr!4v1713340425731!5m2!1sen!2sfr\" width=\"760\" height=\"500\" style=\"border:0;\" allowfullscreen=\"\" loading=\"lazy\" referrerpolicy=\"no-referrer-when-downgrade\"><\/iframe>\n\n                <\/div>\r\n            <\/div>\r\n            \n                <\/div>\r\n            <\/div>\r\n            \n                <\/div>\r\n            <\/div>\r\n            <\/div>\n<\/section>\n\n\n\n<div class=\"wp-block-group alignfull has-tertiary-background-color has-background is-layout-constrained wp-container-core-group-is-layout-b0c428d9 wp-block-group-is-layout-constrained\">\n<figure class=\"wp-block-image alignleft size-large c-shape--free left_100 top_50  \"><img loading=\"lazy\" decoding=\"async\" width=\"78\" height=\"113\" src=\"https:\/\/digiinov.ch\/wp-content\/uploads\/2024\/04\/digiinov-home-graphic-element-15.svg\" alt=\"Digiinov Home Graphic Element 15\" class=\"wp-image-436\"\/><\/figure>\n\n\n\n<h2 class=\"c-heading wp-block-heading has-text-align-center\" style=\"margin-top:var(--wp--preset--spacing--20);margin-bottom:var(--wp--preset--spacing--20)\"><em>M\u00f6chten<\/em> Sie mehr erfahren?<\/h2>\n\n\n\n<p class=\"has-text-align-center\" style=\"font-size:20px\">Kontaktieren Sie uns direkt oder erfahren Sie mehr \u00fcber die sozialen Netzwerke.<\/p>\n\n\n            <div class=\"wp-block-habefast-advanced-layout\">\r\n                <div class=\"wp-block-habefast-advanced-layout-container is-layout-constrained\"  style='--_hfal-l-m-t-lg:var(--wp--preset--spacing--50);--_hfal-l-m-t-md:var(--wp--preset--spacing--50);--_hfal-l-m-t-sm:var(--wp--preset--spacing--50);'>\r\n                    \n            <div style=\"--_hfal-cs-w-lg:wrap;--_hfal-cs-cw-lg:25%;--_hfal-cs-j-lg:center;--_hfal-cs-w-md:wrap;--_hfal-cs-w-sm:wrap;--_hfal-cs-cw-md:25%;--_hfal-cs-cw-sm:25%;--_hfal-cs-j-md:center;--_hfal-cs-j-sm:center;\" class=\"wp-block-habefast-advanced-layout-cols\">\r\n                <div class=\"wp-block-habefast-advanced-layout-cols-flex\"> \n            <div style=\"--_hfal-c-d-lg:flex;--_hfal-c-w-lg:25%;--_hfal-c-o-lg:0;--_hfal-c-w-sm:100%;--_hfal-c-d-md:flex;--_hfal-c-d-sm:flex;--_hfal-c-w-md:25%;\" class=\"wp-block-habefast-advanced-layout-col\">\r\n                <div class=\"wp-block-habefast-advanced-layout-col-container is-layout-flow\">\r\n                    \n\n<figure class=\"wp-block-image aligncenter size-full  \"><a href=\"https:\/\/maps.app.goo.gl\/H7aL4SVMXRt7P6nv6\" target=\"_blank\" rel=\"noreferrer noopener\"><img loading=\"lazy\" decoding=\"async\" width=\"57\" height=\"57\" src=\"https:\/\/digiinov.ch\/wp-content\/uploads\/2024\/04\/digiinov-contact-picto-localisation.svg\" alt=\"Digiinov Kontakt Picto Standort\" class=\"wp-image-433\"\/><\/a><\/figure>\n\n\n\n<p class=\"has-text-align-center\" style=\"margin-top:var(--wp--preset--spacing--20);margin-bottom:var(--wp--preset--spacing--20)\"><a href=\"https:\/\/maps.app.goo.gl\/H7aL4SVMXRt7P6nv6\" target=\"_blank\" rel=\"noreferrer noopener\">Rue Galil\u00e9e 7<br>1400 Yverdon-les-Bains<\/a><\/p>\n\n                <\/div>\r\n            <\/div>\r\n            \n\n            <div style=\"--_hfal-c-d-lg:flex;--_hfal-c-w-lg:25%;--_hfal-c-o-lg:0;--_hfal-c-w-sm:100%;--_hfal-c-d-md:flex;--_hfal-c-d-sm:flex;--_hfal-c-w-md:25%;\" class=\"wp-block-habefast-advanced-layout-col\">\r\n                <div class=\"wp-block-habefast-advanced-layout-col-container is-layout-flow\">\r\n                    \n\n<figure class=\"wp-block-image aligncenter size-full  \"><a href=\"tel:0041245522444\" target=\"_blank\" rel=\"noreferrer noopener\"><img loading=\"lazy\" decoding=\"async\" width=\"57\" height=\"57\" src=\"https:\/\/digiinov.ch\/wp-content\/uploads\/2024\/04\/digiinov-contact-picto-telephone.svg\" alt=\"Digiinov Kontakt Picto Telefon\" class=\"wp-image-431\"\/><\/a><\/figure>\n\n\n\n<p class=\"has-text-align-center\" style=\"margin-top:var(--wp--preset--spacing--20);margin-bottom:var(--wp--preset--spacing--20)\">+41<a href=\"tel:0041245522444\">24 552 24 44<\/a><\/p>\n\n                <\/div>\r\n            <\/div>\r\n            \n\n            <div style=\"--_hfal-c-d-lg:flex;--_hfal-c-w-lg:25%;--_hfal-c-o-lg:0;--_hfal-c-w-sm:100%;--_hfal-c-d-md:flex;--_hfal-c-d-sm:flex;--_hfal-c-w-md:25%;\" class=\"wp-block-habefast-advanced-layout-col\">\r\n                <div class=\"wp-block-habefast-advanced-layout-col-container is-layout-flow\">\r\n                    \n\n<figure class=\"wp-block-image aligncenter size-full  \"><a href=\"mailto:info@digiinov.ch\" target=\"_blank\" rel=\"noreferrer noopener\"><img loading=\"lazy\" decoding=\"async\" width=\"57\" height=\"57\" src=\"https:\/\/digiinov.ch\/wp-content\/uploads\/2024\/04\/digiinov-contact-picto-mail.svg\" alt=\"Digiinov Kontakt Picto Mail\" class=\"wp-image-430\"\/><\/a><\/figure>\n\n\n\n<p class=\"has-text-align-center\" style=\"margin-top:var(--wp--preset--spacing--20);margin-bottom:var(--wp--preset--spacing--20)\"><a href=\"mailto:info@digiinov.ch\" target=\"_blank\" rel=\"noreferrer noopener\">info@digiinov.ch<\/a><\/p>\n\n                <\/div>\r\n            <\/div>\r\n            \n\n            <div style=\"--_hfal-c-d-lg:flex;--_hfal-c-w-lg:25%;--_hfal-c-o-lg:0;--_hfal-c-w-sm:100%;--_hfal-c-d-md:flex;--_hfal-c-d-sm:flex;--_hfal-c-w-md:25%;\" class=\"wp-block-habefast-advanced-layout-col\">\r\n                <div class=\"wp-block-habefast-advanced-layout-col-container is-layout-flow\">\r\n                    \n\n<figure class=\"wp-block-image aligncenter size-full  \"><a href=\"https:\/\/www.linkedin.com\/company\/digiinov-swiss\/\" target=\"_blank\" rel=\"noreferrer noopener\"><img loading=\"lazy\" decoding=\"async\" width=\"57\" height=\"57\" src=\"https:\/\/digiinov.ch\/wp-content\/uploads\/2024\/04\/digiinov-contact-picto-linked-in.svg\" alt=\"Digiinov Kontakt Picto Linked In\" class=\"wp-image-429\"\/><\/a><\/figure>\n\n\n\n<p class=\"has-text-align-center\" style=\"padding-top:var(--wp--preset--spacing--20);padding-bottom:var(--wp--preset--spacing--20)\"><a href=\"https:\/\/www.linkedin.com\/company\/digiinov-swiss\/\" target=\"_blank\" rel=\"noreferrer noopener\">Digiinov SA<\/a><\/p>\n\n                <\/div>\r\n            <\/div>\r\n            \n                <\/div>\r\n            <\/div>\r\n            \n                <\/div>\r\n            <\/div>\r\n            \n\n\n<figure class=\"wp-block-image alignright size-large c-shape--free right_80 bottom_50  \"><img loading=\"lazy\" decoding=\"async\" width=\"146\" height=\"126\" src=\"https:\/\/digiinov.ch\/wp-content\/uploads\/2023\/12\/digiinov-home-graphic-element-08.svg\" alt=\"Digiinov Home Graphic Element 08\" class=\"wp-image-169\"\/><\/figure>\n<\/div>\n","protected":false},"excerpt":{"rendered":"<p>Kontaktieren Sie uns Wir freuen uns, Sie bei Ihren Digitalisierungs- und Innovationsprojekten zu unterst\u00fctzen. M\u00f6chten Sie mehr erfahren? Kontaktieren Sie uns direkt oder erfahren Sie mehr \u00fcber die sozialen Netzwerke.<\/p>\n","protected":false},"author":1,"featured_media":0,"parent":0,"menu_order":0,"comment_status":"closed","ping_status":"closed","template":"","meta":{"_acf_changed":false,"_habefastfse_class":"","footnotes":""},"class_list":["post-19258","page","type-page","status-publish","hentry"],"acf":[],"yoast_head":"<!-- This site is optimized with the Yoast SEO plugin v27.2 - https:\/\/yoast.com\/product\/yoast-seo-wordpress\/ -->\n<title>Sie haben Herausforderungen mit Software-Technologien | Digiinov<\/title>\n<meta name=\"description\" content=\"Kontaktieren Sie uns, wir unterst\u00fctzen Sie gerne bei Ihrer Digitalisierung und Software-Innovation.\" \/>\n<meta name=\"robots\" content=\"index, follow, max-snippet:-1, max-image-preview:large, max-video-preview:-1\" \/>\n<link rel=\"canonical\" href=\"https:\/\/digiinov.ch\/de\/kontaktieren-sie-uns\/\" \/>\n<meta property=\"og:locale\" content=\"de_DE\" \/>\n<meta property=\"og:type\" content=\"article\" \/>\n<meta property=\"og:title\" content=\"Sie haben Herausforderungen mit Software-Technologien | Digiinov\" \/>\n<meta property=\"og:description\" content=\"Kontaktieren Sie uns, wir unterst\u00fctzen Sie gerne bei Ihrer Digitalisierung und Software-Innovation.\" \/>\n<meta property=\"og:url\" content=\"https:\/\/digiinov.ch\/de\/kontaktieren-sie-uns\/\" \/>\n<meta property=\"og:site_name\" content=\"Digiinov\" \/>\n<meta property=\"article:modified_time\" content=\"2026-02-19T08:10:02+00:00\" \/>\n<meta name=\"twitter:card\" content=\"summary_large_image\" \/>\n<script type=\"application\/ld+json\" class=\"yoast-schema-graph\">{\"@context\":\"https:\/\/schema.org\",\"@graph\":[{\"@type\":\"WebPage\",\"@id\":\"https:\/\/digiinov.ch\/de\/kontaktieren-sie-uns\/\",\"url\":\"https:\/\/digiinov.ch\/de\/kontaktieren-sie-uns\/\",\"name\":\"Sie haben Herausforderungen mit Software-Technologien | Digiinov\",\"isPartOf\":{\"@id\":\"https:\/\/digiinov.ch\/de\/#website\"},\"primaryImageOfPage\":{\"@id\":\"https:\/\/digiinov.ch\/de\/kontaktieren-sie-uns\/#primaryimage\"},\"image\":{\"@id\":\"https:\/\/digiinov.ch\/de\/kontaktieren-sie-uns\/#primaryimage\"},\"thumbnailUrl\":\"https:\/\/digiinov.ch\/wp-content\/uploads\/2024\/03\/digiinov-home-graphic-element-03-1.svg\",\"datePublished\":\"2023-12-08T10:35:22+00:00\",\"dateModified\":\"2026-02-19T08:10:02+00:00\",\"description\":\"Kontaktieren Sie uns, wir unterst\u00fctzen Sie gerne bei Ihrer Digitalisierung und Software-Innovation.\",\"breadcrumb\":{\"@id\":\"https:\/\/digiinov.ch\/de\/kontaktieren-sie-uns\/#breadcrumb\"},\"inLanguage\":\"de\",\"potentialAction\":[{\"@type\":\"ReadAction\",\"target\":[\"https:\/\/digiinov.ch\/de\/kontaktieren-sie-uns\/\"]}]},{\"@type\":\"ImageObject\",\"inLanguage\":\"de\",\"@id\":\"https:\/\/digiinov.ch\/de\/kontaktieren-sie-uns\/#primaryimage\",\"url\":\"https:\/\/digiinov.ch\/wp-content\/uploads\/2024\/03\/digiinov-home-graphic-element-03-1.svg\",\"contentUrl\":\"https:\/\/digiinov.ch\/wp-content\/uploads\/2024\/03\/digiinov-home-graphic-element-03-1.svg\"},{\"@type\":\"BreadcrumbList\",\"@id\":\"https:\/\/digiinov.ch\/de\/kontaktieren-sie-uns\/#breadcrumb\",\"itemListElement\":[{\"@type\":\"ListItem\",\"position\":1,\"name\":\"Home\",\"item\":\"https:\/\/digiinov.ch\/de\/\"},{\"@type\":\"ListItem\",\"position\":2,\"name\":\"Kontaktieren Sie uns\"}]},{\"@type\":\"WebSite\",\"@id\":\"https:\/\/digiinov.ch\/de\/#website\",\"url\":\"https:\/\/digiinov.ch\/de\/\",\"name\":\"Digiinov\",\"description\":\"\",\"publisher\":{\"@id\":\"https:\/\/digiinov.ch\/de\/#organization\"},\"potentialAction\":[{\"@type\":\"SearchAction\",\"target\":{\"@type\":\"EntryPoint\",\"urlTemplate\":\"https:\/\/digiinov.ch\/de\/?s={search_term_string}\"},\"query-input\":{\"@type\":\"PropertyValueSpecification\",\"valueRequired\":true,\"valueName\":\"search_term_string\"}}],\"inLanguage\":\"de\"},{\"@type\":\"Organization\",\"@id\":\"https:\/\/digiinov.ch\/de\/#organization\",\"name\":\"Digiinov\",\"url\":\"https:\/\/digiinov.ch\/de\/\",\"logo\":{\"@type\":\"ImageObject\",\"inLanguage\":\"de\",\"@id\":\"https:\/\/digiinov.ch\/de\/#\/schema\/logo\/image\/\",\"url\":\"https:\/\/digiinov.ch\/wp-content\/uploads\/2025\/06\/digiinov-logo.svg\",\"contentUrl\":\"https:\/\/digiinov.ch\/wp-content\/uploads\/2025\/06\/digiinov-logo.svg\",\"width\":213,\"height\":51,\"caption\":\"Digiinov\"},\"image\":{\"@id\":\"https:\/\/digiinov.ch\/de\/#\/schema\/logo\/image\/\"}}]}<\/script>\n<!-- \/ Yoast SEO plugin. -->","yoast_head_json":{"title":"Sie haben Herausforderungen mit Software-Technologien | Digiinov","description":"Kontaktieren Sie uns, wir unterst\u00fctzen Sie gerne bei Ihrer Digitalisierung und Software-Innovation.","robots":{"index":"index","follow":"follow","max-snippet":"max-snippet:-1","max-image-preview":"max-image-preview:large","max-video-preview":"max-video-preview:-1"},"canonical":"https:\/\/digiinov.ch\/de\/kontaktieren-sie-uns\/","og_locale":"de_DE","og_type":"article","og_title":"Sie haben Herausforderungen mit Software-Technologien | Digiinov","og_description":"Kontaktieren Sie uns, wir unterst\u00fctzen Sie gerne bei Ihrer Digitalisierung und Software-Innovation.","og_url":"https:\/\/digiinov.ch\/de\/kontaktieren-sie-uns\/","og_site_name":"Digiinov","article_modified_time":"2026-02-19T08:10:02+00:00","twitter_card":"summary_large_image","schema":{"@context":"https:\/\/schema.org","@graph":[{"@type":"WebPage","@id":"https:\/\/digiinov.ch\/de\/kontaktieren-sie-uns\/","url":"https:\/\/digiinov.ch\/de\/kontaktieren-sie-uns\/","name":"Sie haben Herausforderungen mit Software-Technologien | Digiinov","isPartOf":{"@id":"https:\/\/digiinov.ch\/de\/#website"},"primaryImageOfPage":{"@id":"https:\/\/digiinov.ch\/de\/kontaktieren-sie-uns\/#primaryimage"},"image":{"@id":"https:\/\/digiinov.ch\/de\/kontaktieren-sie-uns\/#primaryimage"},"thumbnailUrl":"https:\/\/digiinov.ch\/wp-content\/uploads\/2024\/03\/digiinov-home-graphic-element-03-1.svg","datePublished":"2023-12-08T10:35:22+00:00","dateModified":"2026-02-19T08:10:02+00:00","description":"Kontaktieren Sie uns, wir unterst\u00fctzen Sie gerne bei Ihrer Digitalisierung und Software-Innovation.","breadcrumb":{"@id":"https:\/\/digiinov.ch\/de\/kontaktieren-sie-uns\/#breadcrumb"},"inLanguage":"de","potentialAction":[{"@type":"ReadAction","target":["https:\/\/digiinov.ch\/de\/kontaktieren-sie-uns\/"]}]},{"@type":"ImageObject","inLanguage":"de","@id":"https:\/\/digiinov.ch\/de\/kontaktieren-sie-uns\/#primaryimage","url":"https:\/\/digiinov.ch\/wp-content\/uploads\/2024\/03\/digiinov-home-graphic-element-03-1.svg","contentUrl":"https:\/\/digiinov.ch\/wp-content\/uploads\/2024\/03\/digiinov-home-graphic-element-03-1.svg"},{"@type":"BreadcrumbList","@id":"https:\/\/digiinov.ch\/de\/kontaktieren-sie-uns\/#breadcrumb","itemListElement":[{"@type":"ListItem","position":1,"name":"Home","item":"https:\/\/digiinov.ch\/de\/"},{"@type":"ListItem","position":2,"name":"Kontaktieren Sie uns"}]},{"@type":"WebSite","@id":"https:\/\/digiinov.ch\/de\/#website","url":"https:\/\/digiinov.ch\/de\/","name":"Digiinov","description":"","publisher":{"@id":"https:\/\/digiinov.ch\/de\/#organization"},"potentialAction":[{"@type":"SearchAction","target":{"@type":"EntryPoint","urlTemplate":"https:\/\/digiinov.ch\/de\/?s={search_term_string}"},"query-input":{"@type":"PropertyValueSpecification","valueRequired":true,"valueName":"search_term_string"}}],"inLanguage":"de"},{"@type":"Organization","@id":"https:\/\/digiinov.ch\/de\/#organization","name":"Digiinov","url":"https:\/\/digiinov.ch\/de\/","logo":{"@type":"ImageObject","inLanguage":"de","@id":"https:\/\/digiinov.ch\/de\/#\/schema\/logo\/image\/","url":"https:\/\/digiinov.ch\/wp-content\/uploads\/2025\/06\/digiinov-logo.svg","contentUrl":"https:\/\/digiinov.ch\/wp-content\/uploads\/2025\/06\/digiinov-logo.svg","width":213,"height":51,"caption":"Digiinov"},"image":{"@id":"https:\/\/digiinov.ch\/de\/#\/schema\/logo\/image\/"}}]}},"_links":{"self":[{"href":"https:\/\/digiinov.ch\/de\/wp-json\/wp\/v2\/pages\/19258","targetHints":{"allow":["GET"]}}],"collection":[{"href":"https:\/\/digiinov.ch\/de\/wp-json\/wp\/v2\/pages"}],"about":[{"href":"https:\/\/digiinov.ch\/de\/wp-json\/wp\/v2\/types\/page"}],"author":[{"embeddable":true,"href":"https:\/\/digiinov.ch\/de\/wp-json\/wp\/v2\/users\/1"}],"replies":[{"embeddable":true,"href":"https:\/\/digiinov.ch\/de\/wp-json\/wp\/v2\/comments?post=19258"}],"version-history":[{"count":2,"href":"https:\/\/digiinov.ch\/de\/wp-json\/wp\/v2\/pages\/19258\/revisions"}],"predecessor-version":[{"id":19382,"href":"https:\/\/digiinov.ch\/de\/wp-json\/wp\/v2\/pages\/19258\/revisions\/19382"}],"wp:attachment":[{"href":"https:\/\/digiinov.ch\/de\/wp-json\/wp\/v2\/media?parent=19258"}],"curies":[{"name":"wp","href":"https:\/\/api.w.org\/{rel}","templated":true}]}}